{"id":923,"date":"2026-03-07T22:13:48","date_gmt":"2026-03-07T22:13:48","guid":{"rendered":"https:\/\/alpmaksan.com.tr\/?page_id=923"},"modified":"2026-03-07T22:13:49","modified_gmt":"2026-03-07T22:13:49","slug":"privacy","status":"publish","type":"page","link":"https:\/\/alpmaksan.com.tr\/en\/privacy\/","title":{"rendered":"Privacy"},"content":{"rendered":"<h1 class=\"wp-block-heading\">Privacy Policy<\/h1>\n\n\n\n<p>The MTS Machine Monitoring System application does not collect, store, or share users' personal data with third parties.<\/p>\n\n\n\n<p>The application is used solely to display technical data obtained from industrial machines.<\/p>\n\n\n\n<p>Collected data includes:<\/p>\n\n\n\n<ul class=\"wp-block-list\">\n<li>Machine status information<\/li>\n\n\n\n<li>Energy measurement data<\/li>\n\n\n\n<li>Connection status information<\/li>\n<\/ul>\n\n\n\n<p>This data is obtained only from devices connected to the user's own system and is not transmitted to any external server.<\/p>\n\n\n\n<p>Contact: info@alpmaksan.com.tr<\/p>\n\n\n\n<p>Last updated: 2026<\/p>","protected":false},"excerpt":{"rendered":"<p>Privacy Policy MTS Makine Takip Sistemi uygulamas\u0131 kullan\u0131c\u0131lar\u0131n ki\u015fisel verilerini toplamaz, saklamaz veya \u00fc\u00e7\u00fcnc\u00fc taraflarla payla\u015fmaz. Uygulama yaln\u0131zca end\u00fcstriyel makinelerden gelen teknik verileri g\u00f6r\u00fcnt\u00fclemek amac\u0131yla kullan\u0131l\u0131r. Toplanan veriler: Bu veriler yaln\u0131zca kullan\u0131c\u0131n\u0131n kendi sistemine ba\u011fl\u0131 cihazlardan al\u0131n\u0131r ve herhangi bir harici sunucuya g\u00f6nderilmez. \u0130leti\u015fim: info@alpmaksan.com.tr Last updated: 2026<\/p>","protected":false},"author":1,"featured_media":0,"parent":0,"menu_order":0,"comment_status":"closed","ping_status":"closed","template":"","meta":{"_kad_blocks_custom_css":"","_kad_blocks_head_custom_js":"","_kad_blocks_body_custom_js":"","_kad_blocks_footer_custom_js":"","_kadence_starter_templates_imported_post":false,"_kad_post_transparent":"","_kad_post_title":"","_kad_post_layout":"","_kad_post_sidebar_id":"","_kad_post_content_style":"","_kad_post_vertical_padding":"","_kad_post_feature":"","_kad_post_feature_position":"","_kad_post_header":false,"_kad_post_footer":false,"footnotes":""},"class_list":["post-923","page","type-page","status-publish","hentry"],"taxonomy_info":[],"featured_image_src_large":false,"author_info":{"display_name":"Alpmaksan","author_link":"https:\/\/alpmaksan.com.tr\/en\/author\/infoalpmaksan-com-tr\/"},"comment_info":0,"_links":{"self":[{"href":"https:\/\/alpmaksan.com.tr\/en\/wp-json\/wp\/v2\/pages\/923","targetHints":{"allow":["GET"]}}],"collection":[{"href":"https:\/\/alpmaksan.com.tr\/en\/wp-json\/wp\/v2\/pages"}],"about":[{"href":"https:\/\/alpmaksan.com.tr\/en\/wp-json\/wp\/v2\/types\/page"}],"author":[{"embeddable":true,"href":"https:\/\/alpmaksan.com.tr\/en\/wp-json\/wp\/v2\/users\/1"}],"replies":[{"embeddable":true,"href":"https:\/\/alpmaksan.com.tr\/en\/wp-json\/wp\/v2\/comments?post=923"}],"version-history":[{"count":1,"href":"https:\/\/alpmaksan.com.tr\/en\/wp-json\/wp\/v2\/pages\/923\/revisions"}],"predecessor-version":[{"id":924,"href":"https:\/\/alpmaksan.com.tr\/en\/wp-json\/wp\/v2\/pages\/923\/revisions\/924"}],"wp:attachment":[{"href":"https:\/\/alpmaksan.com.tr\/en\/wp-json\/wp\/v2\/media?parent=923"}],"curies":[{"name":"wp","href":"https:\/\/api.w.org\/{rel}","templated":true}]}}