{"id":783,"date":"2025-03-21T23:07:30","date_gmt":"2025-03-21T23:07:30","guid":{"rendered":"https:\/\/alpmaksan.com.tr\/?page_id=783"},"modified":"2025-03-21T23:07:30","modified_gmt":"2025-03-21T23:07:30","slug":"blog","status":"publish","type":"page","link":"https:\/\/alpmaksan.com.tr\/en\/blog\/","title":{"rendered":"Blog"},"content":{"rendered":"<style>.kb-row-layout-wrap.wp-block-kadence-rowlayout.kb-row-layout-id783_4865ca-af{margin-top:0px;}.kb-row-layout-id783_4865ca-af > .kt-row-column-wrap{align-content:start;}:where(.kb-row-layout-id783_4865ca-af > .kt-row-column-wrap) > .wp-block-kadence-column{justify-content:start;}.kb-row-layout-id783_4865ca-af > .kt-row-column-wrap{column-gap:var(--global-kb-gap-md, 2rem);row-gap:var(--global-kb-gap-sm, 1rem);max-width:var( --global-content-width, 1290px );padding-left:var(--global-content-edge-padding);padding-right:var(--global-content-edge-padding);padding-top:var(--global-kb-spacing-xxl, 5rem);padding-bottom:var(--global-kb-spacing-xxl, 5rem);grid-template-columns:minmax(0, 1fr);}.kb-row-layout-id783_4865ca-af > .kt-row-layout-overlay{opacity:0.30;}@media all and (max-width: 1024px){.kb-row-layout-id783_4865ca-af > .kt-row-column-wrap{grid-template-columns:minmax(0, 1fr);}}@media all and (max-width: 767px){.kb-row-layout-id783_4865ca-af > .kt-row-column-wrap{grid-template-columns:minmax(0, 1fr);}}<\/style><div class=\"kb-row-layout-wrap kb-row-layout-id783_4865ca-af alignfull has-theme-palette9-background-color kt-row-has-bg wp-block-kadence-rowlayout\"><div class=\"kt-row-column-wrap kt-has-1-columns kt-row-layout-equal kt-tab-layout-inherit kt-mobile-layout-row kt-row-valign-top kb-theme-content-width\">\n<style>.kadence-column783_0e20ae-9a > .kt-inside-inner-col,.kadence-column783_0e20ae-9a > .kt-inside-inner-col:before{border-top-left-radius:0px;border-top-right-radius:0px;border-bottom-right-radius:0px;border-bottom-left-radius:0px;}.kadence-column783_0e20ae-9a > .kt-inside-inner-col{column-gap:var(--global-kb-gap-sm, 1rem);}.kadence-column783_0e20ae-9a > .kt-inside-inner-col{flex-direction:column;}.kadence-column783_0e20ae-9a > .kt-inside-inner-col > .aligncenter{width:100%;}.kadence-column783_0e20ae-9a > .kt-inside-inner-col:before{opacity:0.3;}.kadence-column783_0e20ae-9a{position:relative;}@media all and (max-width: 1024px){.kadence-column783_0e20ae-9a > .kt-inside-inner-col{flex-direction:column;justify-content:center;}}@media all and (max-width: 767px){.kadence-column783_0e20ae-9a > .kt-inside-inner-col{flex-direction:column;justify-content:center;}}<\/style>\n<div class=\"wp-block-kadence-column kadence-column783_0e20ae-9a\"><div class=\"kt-inside-inner-col\"><style>.kb-row-layout-id783_d39c68-bb > .kt-row-column-wrap{align-content:start;}:where(.kb-row-layout-id783_d39c68-bb > .kt-row-column-wrap) > .wp-block-kadence-column{justify-content:start;}.kb-row-layout-id783_d39c68-bb > .kt-row-column-wrap{column-gap:var(--global-kb-gap-md, 2rem);row-gap:var(--global-kb-gap-md, 2rem);padding-top:var(--global-kb-spacing-sm, 1.5rem);padding-bottom:var(--global-kb-spacing-sm, 1.5rem);grid-template-columns:minmax(0, calc(80% - ((var(--global-kb-gap-md, 2rem) * 1 )\/2)))minmax(0, calc(20% - ((var(--global-kb-gap-md, 2rem) * 1 )\/2)));}.kb-row-layout-id783_d39c68-bb > .kt-row-layout-overlay{opacity:0.30;}@media all and (max-width: 1024px){.kb-row-layout-id783_d39c68-bb > .kt-row-column-wrap{grid-template-columns:repeat(2, minmax(0, 1fr));}}@media all and (max-width: 767px){.kb-row-layout-id783_d39c68-bb > .kt-row-column-wrap{row-gap:var(--global-kb-gap-none, 0rem );grid-template-columns:minmax(0, 1fr);}}<\/style><div class=\"kb-row-layout-wrap kb-row-layout-id783_d39c68-bb alignnone wp-block-kadence-rowlayout\"><div class=\"kt-row-column-wrap kt-has-2-columns kt-row-layout-equal kt-tab-layout-inherit kt-mobile-layout-row kt-row-valign-top\">\n<style>.kadence-column783_5885c6-2d > .kt-inside-inner-col,.kadence-column783_5885c6-2d > .kt-inside-inner-col:before{border-top-left-radius:0px;border-top-right-radius:0px;border-bottom-right-radius:0px;border-bottom-left-radius:0px;}.kadence-column783_5885c6-2d > .kt-inside-inner-col{column-gap:var(--global-kb-gap-sm, 1rem);}.kadence-column783_5885c6-2d > .kt-inside-inner-col{flex-direction:column;}.kadence-column783_5885c6-2d > .kt-inside-inner-col > .aligncenter{width:100%;}.kadence-column783_5885c6-2d > .kt-inside-inner-col:before{opacity:0.3;}.kadence-column783_5885c6-2d{position:relative;}@media all and (max-width: 1024px){.kadence-column783_5885c6-2d > .kt-inside-inner-col{flex-direction:column;justify-content:center;}}@media all and (max-width: 767px){.kadence-column783_5885c6-2d > .kt-inside-inner-col{flex-direction:column;justify-content:center;}}<\/style>\n<div class=\"wp-block-kadence-column kadence-column783_5885c6-2d\"><div class=\"kt-inside-inner-col\"><style>.wp-block-kadence-advancedheading.kt-adv-heading783_96ffdf-36, .wp-block-kadence-advancedheading.kt-adv-heading783_96ffdf-36[data-kb-block=\"kb-adv-heading783_96ffdf-36\"]{text-align:left;font-size:var(--global-kb-font-size-xl, 3rem);line-height:1.2;font-style:normal;}.wp-block-kadence-advancedheading.kt-adv-heading783_96ffdf-36 mark.kt-highlight, .wp-block-kadence-advancedheading.kt-adv-heading783_96ffdf-36[data-kb-block=\"kb-adv-heading783_96ffdf-36\"] mark.kt-highlight{font-style:normal;color:#f76a0c;-webkit-box-decoration-break:clone;box-decoration-break:clone;padding-top:0px;padding-right:0px;padding-bottom:0px;padding-left:0px;}.wp-block-kadence-advancedheading.kt-adv-heading783_96ffdf-36 img.kb-inline-image, .wp-block-kadence-advancedheading.kt-adv-heading783_96ffdf-36[data-kb-block=\"kb-adv-heading783_96ffdf-36\"] img.kb-inline-image{width:150px;vertical-align:baseline;}<\/style>\n<h2 class=\"kt-adv-heading783_96ffdf-36 wp-block-kadence-advancedheading has-theme-palette-3-color has-text-color\" data-kb-block=\"kb-adv-heading783_96ffdf-36\">Blog<\/h2>\n<\/div><\/div>\n\n\n<style>.kadence-column783_7da7e4-6e > .kt-inside-inner-col,.kadence-column783_7da7e4-6e > .kt-inside-inner-col:before{border-top-left-radius:0px;border-top-right-radius:0px;border-bottom-right-radius:0px;border-bottom-left-radius:0px;}.kadence-column783_7da7e4-6e > .kt-inside-inner-col{column-gap:var(--global-kb-gap-sm, 1rem);}.kadence-column783_7da7e4-6e > .kt-inside-inner-col{flex-direction:column;}.kadence-column783_7da7e4-6e > .kt-inside-inner-col > .aligncenter{width:100%;}.kadence-column783_7da7e4-6e > .kt-inside-inner-col:before{opacity:0.3;}.kadence-column783_7da7e4-6e{position:relative;}@media all and (max-width: 1024px){.kadence-column783_7da7e4-6e > .kt-inside-inner-col{flex-direction:column;justify-content:center;}}@media all and (max-width: 767px){.kadence-column783_7da7e4-6e > .kt-inside-inner-col{flex-direction:column;justify-content:center;}}<\/style>\n<div class=\"wp-block-kadence-column kadence-column783_7da7e4-6e\"><div class=\"kt-inside-inner-col\"><\/div><\/div>\n\n<\/div><\/div><\/div><\/div>\n\n\n<style>.kadence-column783_84887a-10 > .kt-inside-inner-col,.kadence-column783_84887a-10 > .kt-inside-inner-col:before{border-top-left-radius:0px;border-top-right-radius:0px;border-bottom-right-radius:0px;border-bottom-left-radius:0px;}.kadence-column783_84887a-10 > .kt-inside-inner-col{column-gap:var(--global-kb-gap-sm, 1rem);}.kadence-column783_84887a-10 > .kt-inside-inner-col{flex-direction:column;}.kadence-column783_84887a-10 > .kt-inside-inner-col > .aligncenter{width:100%;}.kadence-column783_84887a-10 > .kt-inside-inner-col:before{opacity:0.3;}.kadence-column783_84887a-10{position:relative;}@media all and (max-width: 1024px){.kadence-column783_84887a-10 > .kt-inside-inner-col{flex-direction:column;justify-content:center;}}@media all and (max-width: 767px){.kadence-column783_84887a-10 > .kt-inside-inner-col{flex-direction:column;justify-content:center;}}<\/style>\n<div class=\"wp-block-kadence-column kadence-column783_84887a-10\"><div class=\"kt-inside-inner-col\"><style>.kt-post-loop783_ce25b9-80 .kadence-post-image{padding-top:0px;padding-right:0px;padding-bottom:0px;padding-left:0px;}.kt-post-loop783_ce25b9-80 .kt-post-grid-wrap{gap:35px 60px;}.kt-post-loop783_ce25b9-80 .kt-blocks-post-grid-item{border-top-left-radius:0px;border-top-right-radius:0px;border-bottom-right-radius:0px;border-bottom-left-radius:0px;border-top-color:#ffffff;border-top-style:solid;border-right-color:#ffffff;border-right-style:solid;border-bottom-color:#ffffff;border-bottom-style:solid;border-left-color:#ffffff;border-left-style:solid;overflow:hidden;}.kt-post-loop783_ce25b9-80 .kt-blocks-post-grid-item .kt-blocks-post-grid-item-inner{padding-top:25px;padding-right:0px;padding-bottom:25px;padding-left:0px;}.kt-post-loop783_ce25b9-80 .kt-blocks-post-grid-item header{padding-top:0px;padding-right:0px;padding-bottom:15px;padding-left:0px;margin-top:0px;margin-right:0px;margin-bottom:0px;margin-left:0px;}.kt-post-loop783_ce25b9-80 .kt-blocks-post-grid-item .kt-blocks-above-categories{color:var(--global-palette4, #2D3748);font-size:14px;font-weight:bold;text-transform:uppercase;}.kt-post-loop783_ce25b9-80 .kt-blocks-post-grid-item .kt-blocks-above-categories a{color:var(--global-palette3, #1A202C);}.kt-post-loop783_ce25b9-80 .kt-blocks-post-grid-item .kt-blocks-above-categories a:hover{color:var(--global-palette4, #2D3748);}.kt-post-loop783_ce25b9-80 .kt-blocks-post-grid-item .entry-title{color:var(--global-palette3, #1A202C);padding-top:10px;padding-right:0px;padding-bottom:15px;padding-left:0px;margin-top:0px;margin-right:0px;margin-bottom:0px;margin-left:0px;font-size:36px;line-height:40px;}.kt-post-loop783_ce25b9-80 .kt-blocks-post-grid-item .kt-blocks-post-top-meta{color:var(--global-palette3, #1A202C);}.kt-post-loop783_ce25b9-80 .kt-blocks-post-grid-item .kt-blocks-post-top-meta a{color:var(--global-palette3, #1A202C);}.kt-post-loop783_ce25b9-80 .kt-blocks-post-grid-item .kt-blocks-post-top-meta a:hover{color:var(--global-palette3, #1A202C);}.kt-post-loop783_ce25b9-80 .entry-content{color:var(--global-palette3, #1A202C);padding-top:0px;padding-right:0px;padding-bottom:0px;padding-left:0px;margin-top:0px;margin-right:0px;margin-bottom:0px;margin-left:0px;}.kt-post-loop783_ce25b9-80 .kt-blocks-post-footer{color:#777777;border-top-width:0px;border-right-width:0px;border-bottom-width:0px;border-left-width:0px;padding-top:0px;padding-right:0px;padding-bottom:0px;padding-left:0px;margin-top:0px;margin-right:0px;margin-bottom:0px;margin-left:0px;font-size:12px;line-height:20px;}.kt-post-loop783_ce25b9-80 .entry-content:after{height:0px;}.kt-post-loop783_ce25b9-80 .kt-blocks-post-footer a{color:#777777;}.kt-post-loop783_ce25b9-80 .kt-blocks-post-footer a:hover{color:#444444;}.kt-post-loop783_ce25b9-80 .entry-content .kt-blocks-post-readmore{background-color:rgba(225,225,225,0);border-color:rgba(68,68,68,0);color:var(--global-palette3, #1A202C);padding-top:0px;padding-right:0px;padding-bottom:0px;padding-left:0px;margin-top:15px;margin-right:0px;margin-bottom:0px;margin-left:0px;}.kt-post-loop783_ce25b9-80 .entry-content .kt-blocks-post-readmore:hover{color:var(--global-palette3, #1A202C);border-color:rgba(85,85,85,0);background-color:var(--global-palette7, #EDF2F7);}.kt-post-loop783_ce25b9-80 .kb-filter-item{border-top-width:0px;border-right-width:0px;border-bottom-width:2px;border-left-width:0px;padding-top:5px;padding-right:8px;padding-bottom:5px;padding-left:8px;margin-top:0px;margin-right:10px;margin-bottom:0px;margin-left:0px;}@media all and (max-width: 1024px){.kt-post-loop783_ce25b9-80 .kt-blocks-post-grid-item{border-top-color:#ffffff;border-top-style:solid;border-right-color:#ffffff;border-right-style:solid;border-bottom-color:#ffffff;border-bottom-style:solid;border-left-color:#ffffff;border-left-style:solid;}}@media all and (max-width: 767px){.kt-post-loop783_ce25b9-80 .kt-blocks-post-grid-item{border-top-color:#ffffff;border-top-style:solid;border-right-color:#ffffff;border-right-style:solid;border-bottom-color:#ffffff;border-bottom-style:solid;border-left-color:#ffffff;border-left-style:solid;}}<\/style><div class=\"wp-block-kadence-postgrid kt-blocks-post-loop-block alignnone kt-post-loop783_ce25b9-80 kt-post-grid-layout-grid\"><div class=\"kt-post-grid-layout-grid-wrap kt-post-grid-wrap\" data-columns-xxl=\"2\" data-columns-xl=\"2\" data-columns-md=\"2\" data-columns-sm=\"2\" data-columns-xs=\"1\" data-columns-ss=\"1\"data-item-selector=\".kt-post-masonry-item\" aria-label=\"Post Carousel\"><article class=\"kt-blocks-post-grid-item post-918 post type-post status-publish format-standard has-post-thumbnail hentry category-uncategorized\"><div class=\"kt-blocks-post-grid-item-inner-wrap kt-feat-image-align-top kt-feat-image-mobile-align-top\"><div class=\"kadence-post-image\"><div class=\"kadence-post-image-intrisic kt-image-ratio-66-67\" style=\"padding-bottom:66.67%;\"><div class=\"kadence-post-image-inner-intrisic\"><a aria-hidden=\"true\" tabindex=\"-1\" role=\"presentation\" href=\"https:\/\/alpmaksan.com.tr\/en\/istanbul-cephe-asansoru\/\" aria-label=\"\u0130stanbul Cephe Asans\u00f6r\u00fc\" class=\"kadence-post-image-inner-wrap\"><img loading=\"lazy\" decoding=\"async\" width=\"768\" height=\"1024\" src=\"https:\/\/alpmaksan.com.tr\/wp-content\/uploads\/2025\/07\/electroelsa-alimak-768x1024.jpg\" class=\"attachment-large size-large wp-post-image\" alt=\"\" srcset=\"https:\/\/alpmaksan.com.tr\/wp-content\/uploads\/2025\/07\/electroelsa-alimak-768x1024.jpg 768w, https:\/\/alpmaksan.com.tr\/wp-content\/uploads\/2025\/07\/electroelsa-alimak-225x300.jpg 225w, https:\/\/alpmaksan.com.tr\/wp-content\/uploads\/2025\/07\/electroelsa-alimak-1152x1536.jpg 1152w, https:\/\/alpmaksan.com.tr\/wp-content\/uploads\/2025\/07\/electroelsa-alimak.jpg 1200w\" sizes=\"auto, (max-width: 768px) 100vw, 768px\" \/><\/a><\/div><\/div><\/div><div class=\"kt-blocks-post-grid-item-inner\"><header><div class=\"kt-blocks-above-categories\"><a href=\"https:\/\/alpmaksan.com.tr\/en\/category\/uncategorized\/\" class=\"category-link-uncategorized\" rel=\"tag\">Uncategorized<\/a><\/div><h2 class=\"entry-title\"><a href=\"https:\/\/alpmaksan.com.tr\/en\/istanbul-cephe-asansoru\/\">\u0130stanbul Cephe Asans\u00f6r\u00fc<\/a><\/h2><div class=\"kt-blocks-post-top-meta\"><div class=\"kt-blocks-date\"><time datetime=\"2025-12-07T13:43:04+00:00\" class=\"kt-blocks-post-date\">December 7, 2025<\/time><\/div><\/div><\/header><div class=\"entry-content\">\u0130stanbul\u2019da y\u00fckselen yap\u0131la\u015fma, kentsel d\u00f6n\u00fc\u015f\u00fcm projeleri ve b\u00fcy\u00fck \u00f6l\u00e7ekli in\u015faatlar, cephe asans\u00f6r\u00fc ihtiyac\u0131n\u0131 her ge\u00e7en g\u00fcn daha da art\u0131rmaktad\u0131r. \u00d6zellikle y\u00fcksek katl\u0131 yap\u0131larda hem i\u015f g\u00fcvenli\u011fi hem de zaman y\u00f6netimi&#8230;<div class=\"kt-blocks-post-readmore-wrap\"><a class=\"kt-blocks-post-readmore\" href=\"https:\/\/alpmaksan.com.tr\/en\/istanbul-cephe-asansoru\/\"><strong>See Details<\/strong><span class=\"screen-reader-text\"> \u0130stanbul Cephe Asans\u00f6r\u00fc<\/span><\/a><\/div><\/div><footer class=\"kt-blocks-post-footer\"><div class=\"kt-blocks-post-footer-left\"><\/div><div class=\"kt-blocks-post-footer-right\"><\/div><\/footer><\/div><\/div><\/article><article class=\"kt-blocks-post-grid-item post-900 post type-post status-publish format-standard has-post-thumbnail hentry category-hareketli-platform\"><div class=\"kt-blocks-post-grid-item-inner-wrap kt-feat-image-align-top kt-feat-image-mobile-align-top\"><div class=\"kadence-post-image\"><div class=\"kadence-post-image-intrisic kt-image-ratio-66-67\" style=\"padding-bottom:66.67%;\"><div class=\"kadence-post-image-inner-intrisic\"><a aria-hidden=\"true\" tabindex=\"-1\" role=\"presentation\" href=\"https:\/\/alpmaksan.com.tr\/en\/dis-cephe-platform-iskele-fiyatlari-2025\/\" aria-label=\"D\u0131\u015f Cephe Platform \u0130skele Fiyatlar\u0131 2025\" class=\"kadence-post-image-inner-wrap\"><img loading=\"lazy\" decoding=\"async\" width=\"1024\" height=\"768\" src=\"https:\/\/alpmaksan.com.tr\/wp-content\/uploads\/2025\/07\/IMG-20231109-WA0011-1024x768.jpg\" class=\"attachment-large size-large wp-post-image\" alt=\"\" srcset=\"https:\/\/alpmaksan.com.tr\/wp-content\/uploads\/2025\/07\/IMG-20231109-WA0011-1024x768.jpg 1024w, https:\/\/alpmaksan.com.tr\/wp-content\/uploads\/2025\/07\/IMG-20231109-WA0011-300x225.jpg 300w, https:\/\/alpmaksan.com.tr\/wp-content\/uploads\/2025\/07\/IMG-20231109-WA0011-768x576.jpg 768w, https:\/\/alpmaksan.com.tr\/wp-content\/uploads\/2025\/07\/IMG-20231109-WA0011-1536x1152.jpg 1536w, https:\/\/alpmaksan.com.tr\/wp-content\/uploads\/2025\/07\/IMG-20231109-WA0011-e1752874103293.jpg 1000w\" sizes=\"auto, (max-width: 1024px) 100vw, 1024px\" \/><\/a><\/div><\/div><\/div><div class=\"kt-blocks-post-grid-item-inner\"><header><div class=\"kt-blocks-above-categories\"><a href=\"https:\/\/alpmaksan.com.tr\/en\/category\/hareketli-platform\/\" class=\"category-link-hareketli-platform\" rel=\"tag\">Mast Climbing Working Platform<\/a><\/div><h2 class=\"entry-title\"><a href=\"https:\/\/alpmaksan.com.tr\/en\/dis-cephe-platform-iskele-fiyatlari-2025\/\">D\u0131\u015f Cephe Platform \u0130skele Fiyatlar\u0131 2025<\/a><\/h2><div class=\"kt-blocks-post-top-meta\"><div class=\"kt-blocks-date\"><time datetime=\"2025-07-31T18:09:34+00:00\" class=\"kt-blocks-post-date\">July 31, 2025<\/time><\/div><\/div><\/header><div class=\"entry-content\">D\u0131\u015f cephe platform iskeleleri, \u00f6zellikle y\u00fcksek katl\u0131 binalar\u0131n in\u015faat, bak\u0131m ve onar\u0131m i\u015flerinde tercih edilen modern bir \u00e7\u00f6z\u00fcmd\u00fcr. Bu sistemler; hareketli platform, elektrikli iskele, mastl\u0131 cephe platformu gibi isimlerle de&#8230;<div class=\"kt-blocks-post-readmore-wrap\"><a class=\"kt-blocks-post-readmore\" href=\"https:\/\/alpmaksan.com.tr\/en\/dis-cephe-platform-iskele-fiyatlari-2025\/\"><strong>See Details<\/strong><span class=\"screen-reader-text\"> D\u0131\u015f Cephe Platform \u0130skele Fiyatlar\u0131 2025<\/span><\/a><\/div><\/div><footer class=\"kt-blocks-post-footer\"><div class=\"kt-blocks-post-footer-left\"><\/div><div class=\"kt-blocks-post-footer-right\"><\/div><\/footer><\/div><\/div><\/article><article class=\"kt-blocks-post-grid-item post-805 post type-post status-publish format-standard has-post-thumbnail hentry category-personel-ve-yuk-asansoru\"><div class=\"kt-blocks-post-grid-item-inner-wrap kt-feat-image-align-top kt-feat-image-mobile-align-top\"><div class=\"kadence-post-image\"><div class=\"kadence-post-image-intrisic kt-image-ratio-66-67\" style=\"padding-bottom:66.67%;\"><div class=\"kadence-post-image-inner-intrisic\"><a aria-hidden=\"true\" tabindex=\"-1\" role=\"presentation\" href=\"https:\/\/alpmaksan.com.tr\/en\/personel-ve-yuk-asansoru\/\" aria-label=\"Construction Hoist Sales and Rental Services\" class=\"kadence-post-image-inner-wrap\"><img loading=\"lazy\" decoding=\"async\" width=\"1024\" height=\"906\" src=\"https:\/\/alpmaksan.com.tr\/wp-content\/uploads\/2025\/07\/ozel-baglanti-platform-e1752927553292-1024x906.jpg\" class=\"attachment-large size-large wp-post-image\" alt=\"\" srcset=\"https:\/\/alpmaksan.com.tr\/wp-content\/uploads\/2025\/07\/ozel-baglanti-platform-e1752927553292-1024x906.jpg 1024w, https:\/\/alpmaksan.com.tr\/wp-content\/uploads\/2025\/07\/ozel-baglanti-platform-e1752927553292-300x265.jpg 300w, https:\/\/alpmaksan.com.tr\/wp-content\/uploads\/2025\/07\/ozel-baglanti-platform-e1752927553292-768x679.jpg 768w, https:\/\/alpmaksan.com.tr\/wp-content\/uploads\/2025\/07\/ozel-baglanti-platform-e1752927553292.jpg 1067w\" sizes=\"auto, (max-width: 1024px) 100vw, 1024px\" \/><\/a><\/div><\/div><\/div><div class=\"kt-blocks-post-grid-item-inner\"><header><div class=\"kt-blocks-above-categories\"><a href=\"https:\/\/alpmaksan.com.tr\/en\/category\/personel-ve-yuk-asansoru\/\" class=\"category-link-personel-ve-yuk-asansoru\" rel=\"tag\">Construction Hoist<\/a><\/div><h2 class=\"entry-title\"><a href=\"https:\/\/alpmaksan.com.tr\/en\/personel-ve-yuk-asansoru\/\">Construction Hoist Sales and Rental Services<\/a><\/h2><div class=\"kt-blocks-post-top-meta\"><div class=\"kt-blocks-date\"><time datetime=\"2025-03-22T19:54:53+00:00\" class=\"kt-blocks-post-date\">March 22, 2025<\/time><\/div><\/div><\/header><div class=\"entry-content\">Construction hoists, which enable the safe and rapid transport of both workers and materials in construction and industrial projects, are indispensable equipment for the efficient progress of projects. Our company offers the H1500 in this area\u2026<div class=\"kt-blocks-post-readmore-wrap\"><a class=\"kt-blocks-post-readmore\" href=\"https:\/\/alpmaksan.com.tr\/en\/personel-ve-yuk-asansoru\/\"><strong>See Details<\/strong><span class=\"screen-reader-text\"> Construction Hoist Sales and Rental Services<\/span><\/a><\/div><\/div><footer class=\"kt-blocks-post-footer\"><div class=\"kt-blocks-post-footer-left\"><\/div><div class=\"kt-blocks-post-footer-right\"><\/div><\/footer><\/div><\/div><\/article><article class=\"kt-blocks-post-grid-item post-774 post type-post status-publish format-standard has-post-thumbnail hentry category-hareketli-platform\"><div class=\"kt-blocks-post-grid-item-inner-wrap kt-feat-image-align-top kt-feat-image-mobile-align-top\"><div class=\"kadence-post-image\"><div class=\"kadence-post-image-intrisic kt-image-ratio-66-67\" style=\"padding-bottom:66.67%;\"><div class=\"kadence-post-image-inner-intrisic\"><a aria-hidden=\"true\" tabindex=\"-1\" role=\"presentation\" href=\"https:\/\/alpmaksan.com.tr\/en\/platform-iskele\/\" aria-label=\"Mast Climbing Working Platform\" class=\"kadence-post-image-inner-wrap\"><img loading=\"lazy\" decoding=\"async\" width=\"1024\" height=\"768\" src=\"https:\/\/alpmaksan.com.tr\/wp-content\/uploads\/2025\/03\/kiralik-hareketli-platform-1024x768.jpeg\" class=\"attachment-large size-large wp-post-image\" alt=\"\" srcset=\"https:\/\/alpmaksan.com.tr\/wp-content\/uploads\/2025\/03\/kiralik-hareketli-platform-1024x768.jpeg 1024w, https:\/\/alpmaksan.com.tr\/wp-content\/uploads\/2025\/03\/kiralik-hareketli-platform-300x225.jpeg 300w, https:\/\/alpmaksan.com.tr\/wp-content\/uploads\/2025\/03\/kiralik-hareketli-platform-768x576.jpeg 768w, https:\/\/alpmaksan.com.tr\/wp-content\/uploads\/2025\/03\/kiralik-hareketli-platform-1536x1152.jpeg 1536w, https:\/\/alpmaksan.com.tr\/wp-content\/uploads\/2025\/03\/kiralik-hareketli-platform-2048x1536.jpeg 2048w, https:\/\/alpmaksan.com.tr\/wp-content\/uploads\/2025\/03\/kiralik-hareketli-platform-scaled-e1752843947293.jpeg 1000w\" sizes=\"auto, (max-width: 1024px) 100vw, 1024px\" \/><\/a><\/div><\/div><\/div><div class=\"kt-blocks-post-grid-item-inner\"><header><div class=\"kt-blocks-above-categories\"><a href=\"https:\/\/alpmaksan.com.tr\/en\/category\/hareketli-platform\/\" class=\"category-link-hareketli-platform\" rel=\"tag\">Mast Climbing Working Platform<\/a><\/div><h2 class=\"entry-title\"><a href=\"https:\/\/alpmaksan.com.tr\/en\/platform-iskele\/\">Mast Climbing Working Platform<\/a><\/h2><div class=\"kt-blocks-post-top-meta\"><div class=\"kt-blocks-date\"><time datetime=\"2025-03-19T01:18:16+00:00\" class=\"kt-blocks-post-date\">March 19, 2025<\/time><\/div><\/div><\/header><div class=\"entry-content\">Mast climbing working platforms are a modern scaffolding system used in construction, maintenance, assembly, and cleaning, particularly in high-rise buildings. This system offers faster installation, increased safety, and flexibility compared to traditional scaffolding...<div class=\"kt-blocks-post-readmore-wrap\"><a class=\"kt-blocks-post-readmore\" href=\"https:\/\/alpmaksan.com.tr\/en\/platform-iskele\/\"><strong>See Details<\/strong><span class=\"screen-reader-text\"> Mast Climbing Working Platform<\/span><\/a><\/div><\/div><footer class=\"kt-blocks-post-footer\"><div class=\"kt-blocks-post-footer-left\"><\/div><div class=\"kt-blocks-post-footer-right\"><\/div><\/footer><\/div><\/div><\/article><\/div><\/div><!-- .wp-block-kadence-postgrid --><\/div><\/div>\n\n<\/div><\/div>","protected":false},"excerpt":{"rendered":"<p>Blog<\/p>","protected":false},"author":1,"featured_media":0,"parent":0,"menu_order":0,"comment_status":"closed","ping_status":"closed","template":"","meta":{"_kad_blocks_custom_css":"","_kad_blocks_head_custom_js":"","_kad_blocks_body_custom_js":"","_kad_blocks_footer_custom_js":"","_kadence_starter_templates_imported_post":false,"_kad_post_transparent":"","_kad_post_title":"","_kad_post_layout":"","_kad_post_sidebar_id":"","_kad_post_content_style":"","_kad_post_vertical_padding":"","_kad_post_feature":"","_kad_post_feature_position":"","_kad_post_header":false,"_kad_post_footer":false,"footnotes":""},"class_list":["post-783","page","type-page","status-publish","hentry"],"taxonomy_info":[],"featured_image_src_large":false,"author_info":{"display_name":"Alpmaksan","author_link":"https:\/\/alpmaksan.com.tr\/en\/author\/infoalpmaksan-com-tr\/"},"comment_info":0,"_links":{"self":[{"href":"https:\/\/alpmaksan.com.tr\/en\/wp-json\/wp\/v2\/pages\/783","targetHints":{"allow":["GET"]}}],"collection":[{"href":"https:\/\/alpmaksan.com.tr\/en\/wp-json\/wp\/v2\/pages"}],"about":[{"href":"https:\/\/alpmaksan.com.tr\/en\/wp-json\/wp\/v2\/types\/page"}],"author":[{"embeddable":true,"href":"https:\/\/alpmaksan.com.tr\/en\/wp-json\/wp\/v2\/users\/1"}],"replies":[{"embeddable":true,"href":"https:\/\/alpmaksan.com.tr\/en\/wp-json\/wp\/v2\/comments?post=783"}],"version-history":[{"count":1,"href":"https:\/\/alpmaksan.com.tr\/en\/wp-json\/wp\/v2\/pages\/783\/revisions"}],"predecessor-version":[{"id":784,"href":"https:\/\/alpmaksan.com.tr\/en\/wp-json\/wp\/v2\/pages\/783\/revisions\/784"}],"wp:attachment":[{"href":"https:\/\/alpmaksan.com.tr\/en\/wp-json\/wp\/v2\/media?parent=783"}],"curies":[{"name":"wp","href":"https:\/\/api.w.org\/{rel}","templated":true}]}}